{"id":98,"date":"2022-06-02T08:24:28","date_gmt":"2022-06-02T08:24:28","guid":{"rendered":"https:\/\/www.menuchrudim.cz.uvirt130.active24.cz\/?page_id=98"},"modified":"2025-06-11T11:04:17","modified_gmt":"2025-06-11T11:04:17","slug":"napojovy-listek","status":"publish","type":"page","link":"https:\/\/www.menuchrudim.cz\/?page_id=98","title":{"rendered":"N\u00e1pojov\u00fd l\u00edstek"},"content":{"rendered":"<p>[et_pb_section fb_built=&#8220;1&#8243; _builder_version=&#8220;4.18.0&#8243; _module_preset=&#8220;default&#8220; background_color=&#8220;RGBA(255,255,255,0)&#8220; background_image=&#8220;https:\/\/www.menuchrudim.cz\/wp-content\/uploads\/2022\/11\/OIII8881_shu.jpg&#8220; background_blend=&#8220;hard-light&#8220; min_height=&#8220;920.1px&#8220; custom_margin=&#8220;-14px||-248px|||&#8220; custom_padding=&#8220;73px|||||&#8220; global_colors_info=&#8220;{}&#8220;][et_pb_row column_structure=&#8220;1_3,1_3,1_3&#8243; _builder_version=&#8220;4.17.4&#8243; _module_preset=&#8220;default&#8220; width=&#8220;96.9%&#8220; custom_padding=&#8220;||8px|||&#8220; global_colors_info=&#8220;{}&#8220;][et_pb_column type=&#8220;1_3&#8243; _builder_version=&#8220;4.17.4&#8243; _module_preset=&#8220;default&#8220; global_colors_info=&#8220;{}&#8220;][et_pb_image src=&#8220;https:\/\/www.menuchrudim.cz.uvirt130.active24.cz\/wp-content\/uploads\/2022\/06\/dzban_logo.png&#8220; alt=&#8220;u dzbanu&#8220; title_text=&#8220;u dzbanu&#8220; _builder_version=&#8220;4.18.0&#8243; _module_preset=&#8220;default&#8220; custom_padding=&#8220;|0px||||&#8220; global_colors_info=&#8220;{}&#8220;][\/et_pb_image][\/et_pb_column][et_pb_column type=&#8220;1_3&#8243; _builder_version=&#8220;4.17.4&#8243; _module_preset=&#8220;default&#8220; global_colors_info=&#8220;{}&#8220;][\/et_pb_column][et_pb_column type=&#8220;1_3&#8243; _builder_version=&#8220;4.17.4&#8243; _module_preset=&#8220;default&#8220; global_colors_info=&#8220;{}&#8220;][et_pb_text disabled_on=&#8220;on|off|off&#8220; _builder_version=&#8220;4.21.0&#8243; _module_preset=&#8220;default&#8220; background_color=&#8220;rgba(122,122,122,0.55)&#8220; height=&#8220;180px&#8220; custom_margin=&#8220;||||false|false&#8220; custom_padding=&#8220;7px|2px|4px|17px|false|false&#8220; border_radii=&#8220;on|2px|2px|2px|2px&#8220; global_colors_info=&#8220;{}&#8220;]<\/p>\n<p><span style=\"font-size: medium; color: rgba(255, 255, 255, 0.85);\"><strong>Adresa<br \/><\/strong><strong>U D\u017eb\u00e1nu<br \/>Erbenova 432<\/strong><\/span><br \/><span style=\"font-size: medium; color: rgba(255, 255, 255, 0.85);\"><strong>537 01 Chrudim<\/strong><\/span><\/p>\n<p><span style=\"font-size: medium; color: rgba(255, 255, 255, 0.85);\"><strong>Talefon:<br \/>M\u00e1ca Horn\u00edk\u00a0 \u00a0 +420 776 660 031<br \/><\/strong><\/span><\/p>\n<p>[\/et_pb_text][\/et_pb_column][\/et_pb_row][\/et_pb_section][et_pb_section fb_built=&#8220;1&#8243; admin_label=&#8220;Welcome To Royal&#8220; _builder_version=&#8220;4.18.0&#8243; _module_preset=&#8220;default&#8220; background_color=&#8220;rgba(255,255,255,0.64)&#8220; background_image=&#8220;https:\/\/www.menuchrudim.cz\/wp-content\/uploads\/2022\/06\/dzban.jpg&#8220; background_position=&#8220;top_left&#8220; background_horizontal_offset=&#8220;25%&#8220; background_vertical_offset=&#8220;100%&#8220; background_blend=&#8220;lighten&#8220; width=&#8220;100%&#8220; max_width=&#8220;100%&#8220; min_height=&#8220;962.6px&#8220; custom_margin=&#8220;39px|||||&#8220; custom_padding=&#8220;146px|0px|134px|0px||&#8220; collapsed=&#8220;off&#8220; global_colors_info=&#8220;{}&#8220;][et_pb_row _builder_version=&#8220;4.17.4&#8243; _module_preset=&#8220;default&#8220; width=&#8220;75.5%&#8220; min_height=&#8220;441.3px&#8220; custom_margin=&#8220;|187px||auto||&#8220; custom_padding=&#8220;|0px||||&#8220; global_colors_info=&#8220;{}&#8220;][et_pb_column type=&#8220;4_4&#8243; _builder_version=&#8220;4.17.4&#8243; _module_preset=&#8220;default&#8220; global_colors_info=&#8220;{}&#8220;][et_pb_text _builder_version=&#8220;4.17.4&#8243; _module_preset=&#8220;default&#8220; width=&#8220;100%&#8220; custom_margin=&#8220;|62px||-60px||&#8220; custom_padding=&#8220;0px|0px||71px||&#8220; global_colors_info=&#8220;{}&#8220;]<\/p>\n<p><span style=\"color: #000000;\"><\/span><\/p>\n<p><span style=\"color: #000000;\">V na\u0161em tradi\u010dn\u00edm \u010desk\u00e9m hostinci naleznete prost\u0159ed\u00ed sv\u00e9ho ml\u00e1d\u00ed, kdy se je\u0161t\u011b pan\u00e1ky nal\u00e9valy do p\u016fldec\u00e1ku.<\/span><\/p>\n<p><span style=\"color: #000000;\"><strong>Pivo<\/strong><\/span><br \/><span style=\"color: #000000;\">11 Poli\u010dsk\u00e9 pivo Otakar (jedin\u00e9 v Chrudimi a okol\u00ed)<\/span><br \/><span style=\"color: #000000;\">10 a 12 Gambrinus<\/span><\/p>\n<p><span style=\"color: #000000;\"><strong>J\u00eddlo<\/strong><\/span><\/p>\n<p>catering na objedn\u00e1vku dle Va\u0161eho p\u0159\u00e1n\u00ed pro r\u016fzn\u00e1 akce<br \/><span style=\"color: #000000;\">studen\u00e1, tepl\u00e1 kuchyn\u011b<\/span><br \/>Utopenci, Klob\u00e1sy, Tla\u010denka a dal\u0161\u00ed chu\u0165ovky k pifku.<br \/><span style=\"color: #000000;\">p\u0159\u00edle\u017eitostn\u011b zv\u011b\u0159inov\u00e9 a vep\u0159ov\u00e9 hody<\/span><br \/><span style=\"color: #000000;\">mo\u017eno objednat i pe\u010den\u00e1 kolena, steaky \u010di gul\u00e1\u0161 dva dny p\u0159edem<\/span><\/p>\n<p><span style=\"color: #000000;\"><strong>Vy\u017eit\u00ed<\/strong><\/span><br \/><span style=\"color: #000000;\">\u00a0jukebox, sportovn\u00ed p\u0159enosy, karty (mari\u00e1\u0161, poker), p\u0159\u00edle\u017eitostn\u011b \u017eiv\u00e1 hudba, gril, venkovn\u00ed posezen\u00ed<\/span><br \/><span style=\"color: #000000;\">Po\u0159\u00e1d\u00e1me tradi\u010dn\u00ed jarn\u00ed a podzimn\u00ed &#8218;Sousedsk\u00fd mari\u00e1\u0161ov\u00fd turnaj&#8216;.<\/span><br \/><span style=\"color: #000000;\">Mo\u017enost\u00a0 rezervace sal\u00f3nku o kapacit\u011b cca 20 osob.<\/span><\/p>\n<p>[\/et_pb_text][\/et_pb_column][\/et_pb_row][\/et_pb_section][et_pb_section fb_built=&#8220;1&#8243; _builder_version=&#8220;4.17.4&#8243; _module_preset=&#8220;default&#8220; background_enable_mask_style=&#8220;on&#8220; background_mask_color=&#8220;#ecf0f5&#8243; min_height=&#8220;90px&#8220; custom_padding=&#8220;0px||0px|||&#8220; global_colors_info=&#8220;{}&#8220;][\/et_pb_section][et_pb_section fb_built=&#8220;1&#8243; admin_label=&#8220;Contact Us&#8220; _builder_version=&#8220;4.18.0&#8243; _module_preset=&#8220;default&#8220; background_color=&#8220;rgba(0,0,0,0.15)&#8220; background_image=&#8220;https:\/\/www.menuchrudim.cz\/wp-content\/uploads\/2022\/06\/menu.jpg&#8220; background_blend=&#8220;color&#8220; min_height=&#8220;963.3px&#8220; custom_padding=&#8220;100px|0px|100px|0px&#8220; locked=&#8220;off&#8220; collapsed=&#8220;off&#8220; global_colors_info=&#8220;{}&#8220;][et_pb_row column_structure=&#8220;1_2,1_2&#8243; make_equal=&#8220;on&#8220; _builder_version=&#8220;4.16&#8243; _module_preset=&#8220;default&#8220; background_size=&#8220;initial&#8220; background_position=&#8220;top_left&#8220; background_repeat=&#8220;repeat&#8220; max_width=&#8220;1280px&#8220; custom_margin=&#8220;|||&#8220; custom_padding=&#8220;|||&#8220; use_custom_width=&#8220;on&#8220; custom_width_px=&#8220;1280px&#8220; global_colors_info=&#8220;{}&#8220;][et_pb_column type=&#8220;1_2&#8243; _builder_version=&#8220;4.16&#8243; _module_preset=&#8220;default&#8220; background_color=&#8220;#1f1f1f&#8220; custom_padding=&#8220;100px|5%|100px|5%&#8220; global_colors_info=&#8220;{}&#8220; custom_padding__hover=&#8220;|||&#8220;][et_pb_text _builder_version=&#8220;4.16&#8243; _module_preset=&#8220;default&#8220; text_font=&#8220;Playfair Display||||&#8220; text_font_size=&#8220;30px&#8220; text_line_height=&#8220;1.3em&#8220; header_font=&#8220;||||||||&#8220; header_3_font=&#8220;Playfair Display||||||||&#8220; header_3_font_size=&#8220;30px&#8220; header_3_line_height=&#8220;1.3em&#8220; background_size=&#8220;initial&#8220; background_position=&#8220;top_left&#8220; background_repeat=&#8220;repeat&#8220; text_orientation=&#8220;center&#8220; background_layout=&#8220;dark&#8220; max_width=&#8220;400px&#8220; module_alignment=&#8220;center&#8220; custom_padding=&#8220;2px||30px|||&#8220; global_colors_info=&#8220;{}&#8220;]<\/p>\n<h3>Otev\u00edrac\u00ed doba<\/h3>\n<p>[\/et_pb_text][et_pb_text _builder_version=&#8220;4.27.4&#8243; _module_preset=&#8220;default&#8220; text_font=&#8220;Montserrat||||&#8220; text_text_color=&#8220;#ffffff&#8220; text_font_size=&#8220;15px&#8220; text_letter_spacing=&#8220;1px&#8220; text_line_height=&#8220;1.9em&#8220; background_size=&#8220;initial&#8220; background_position=&#8220;top_left&#8220; background_repeat=&#8220;repeat&#8220; text_orientation=&#8220;center&#8220; module_alignment=&#8220;center&#8220; custom_margin=&#8220;12px||12px|&#8220; animation_style=&#8220;zoom&#8220; animation_intensity_zoom=&#8220;20%&#8220; hover_enabled=&#8220;0&#8243; global_colors_info=&#8220;{}&#8220; sticky_enabled=&#8220;0&#8243;]<\/p>\n<p><strong>V\u00fddej ob\u011bd\u016f<\/strong><br \/>Pond\u011bl\u00ed \u2013 P\u00e1tak<strong><br \/><\/strong><span style=\"font-size: 15px;\">11:00am \u2013 14:00pm<\/span><\/p>\n<p><span style=\"font-size: 15px;\"><span><strong>Hostinec<\/strong><br \/><\/span><span>Pond\u011bl\u00ed \u2013 \u010ctvrtek<br \/>11:00 \u2013 22:00<\/span><\/span><span style=\"font-size: 15px;\"><strong><\/strong><\/span><\/p>\n<div class=\"et_pb_text_inner\">\n<div data-shortcode-id=\"4.0.0.1-1681733146819\" data-quickaccess-editable=\"yes\" class=\"et-fb-popover-tinymce\">\n<div class=\"mce-content-body\" contenteditable=\"true\" style=\"position: relative;\" spellcheck=\"false\" data-ms-editor=\"true\">\n<p><span style=\"font-size: 15px;\">P\u00e1tek:<br \/><\/span><span style=\"font-size: 15px;\">11:00 \u2013 24:00<\/span><\/p>\n<p><span style=\"font-size: 15px;\">Sobota:<br \/>14:00 \u2013 24:00<\/span><\/p>\n<p><span style=\"font-size: 15px;\">Ned\u011ble:<br \/><\/span><span style=\"font-size: 15px;\">14:00 &#8211; 22:00<\/span><\/p>\n<p><span style=\"font-size: 15px;\"><\/span><\/p>\n<\/div>\n<\/div>\n<\/div>\n<p>&nbsp;<\/p>\n<p><span style=\"font-size: 15px;\"><\/span><\/p>\n<p>[\/et_pb_text][et_pb_divider show_divider=&#8220;off&#8220; disabled_on=&#8220;on|on|off%22%22%22%22&#8243; _builder_version=&#8220;4.16&#8243; _module_preset=&#8220;default&#8220; max_width=&#8220;400px&#8220; module_alignment=&#8220;center&#8220; height=&#8220;2px&#8220; custom_margin=&#8220;||0px|&#8220; custom_padding=&#8220;|||&#8220; animation_style=&#8220;zoom&#8220; animation_intensity_zoom=&#8220;20%&#8220; global_colors_info=&#8220;{}&#8220;][\/et_pb_divider][et_pb_divider show_divider=&#8220;off&#8220; disabled_on=&#8220;on|on|off%22%22%22%22&#8243; _builder_version=&#8220;4.16&#8243; _module_preset=&#8220;default&#8220; max_width=&#8220;400px&#8220; module_alignment=&#8220;center&#8220; height=&#8220;2px&#8220; custom_margin=&#8220;||0px|&#8220; custom_padding=&#8220;|||&#8220; animation_style=&#8220;zoom&#8220; animation_intensity_zoom=&#8220;20%&#8220; locked=&#8220;off&#8220; global_colors_info=&#8220;{}&#8220;][\/et_pb_divider][et_pb_button button_text=&#8220;Rezervace&#8220; button_alignment=&#8220;center&#8220; _builder_version=&#8220;4.17.4&#8243; _module_preset=&#8220;default&#8220; custom_button=&#8220;on&#8220; button_text_size=&#8220;15px&#8220; button_text_color=&#8220;#ffffff&#8220; button_bg_color=&#8220;#c39d63&#8243; button_border_width=&#8220;2px&#8220; button_border_color=&#8220;#c39d63&#8243; button_border_radius=&#8220;0px&#8220; button_letter_spacing=&#8220;2px&#8220; button_font=&#8220;Montserrat|||on|&#8220; button_use_icon=&#8220;off&#8220; custom_margin=&#8220;30px|||&#8220; button_border_radius_hover=&#8220;0px&#8220; button_letter_spacing_hover=&#8220;2px&#8220; global_colors_info=&#8220;{}&#8220; button_text_size__hover_enabled=&#8220;off&#8220; button_one_text_size__hover_enabled=&#8220;off&#8220; button_two_text_size__hover_enabled=&#8220;off&#8220; button_text_color__hover_enabled=&#8220;off&#8220; button_one_text_color__hover_enabled=&#8220;off&#8220; button_two_text_color__hover_enabled=&#8220;off&#8220; button_border_width__hover_enabled=&#8220;off&#8220; button_one_border_width__hover_enabled=&#8220;off&#8220; button_two_border_width__hover_enabled=&#8220;off&#8220; button_border_color__hover_enabled=&#8220;off&#8220; button_one_border_color__hover_enabled=&#8220;off&#8220; button_two_border_color__hover_enabled=&#8220;off&#8220; button_border_radius__hover_enabled=&#8220;on&#8220; button_border_radius__hover=&#8220;0px&#8220; button_one_border_radius__hover_enabled=&#8220;off&#8220; button_two_border_radius__hover_enabled=&#8220;off&#8220; button_letter_spacing__hover_enabled=&#8220;on&#8220; button_letter_spacing__hover=&#8220;2px&#8220; button_one_letter_spacing__hover_enabled=&#8220;off&#8220; button_two_letter_spacing__hover_enabled=&#8220;off&#8220; button_bg_color__hover_enabled=&#8220;off&#8220; button_one_bg_color__hover_enabled=&#8220;off&#8220; button_two_bg_color__hover_enabled=&#8220;off&#8220;][\/et_pb_button][\/et_pb_column][et_pb_column type=&#8220;1_2&#8243; _builder_version=&#8220;4.16&#8243; _module_preset=&#8220;default&#8220; background_color=&#8220;#1f1f1f&#8220; custom_padding=&#8220;100px|5%|100px|5%&#8220; global_colors_info=&#8220;{}&#8220; custom_padding__hover=&#8220;|||&#8220;][et_pb_text _builder_version=&#8220;4.18.0&#8243; _module_preset=&#8220;default&#8220; text_font=&#8220;Montserrat||||&#8220; text_text_color=&#8220;rgba(255,255,255,0.8)&#8220; text_font_size=&#8220;17px&#8220; text_line_height=&#8220;1.8em&#8220; header_font=&#8220;||||||||&#8220; header_font_size=&#8220;24px&#8220; header_3_font=&#8220;||||||||&#8220; background_size=&#8220;initial&#8220; background_position=&#8220;top_left&#8220; background_repeat=&#8220;repeat&#8220; text_orientation=&#8220;center&#8220; background_layout=&#8220;dark&#8220; module_alignment=&#8220;center&#8220; custom_padding=&#8220;||0px|||&#8220; global_colors_info=&#8220;{}&#8220;]<\/p>\n<h3>Napi\u0161te n\u00e1m<\/h3>\n<p>Pokud m\u00e1te n\u011bjak\u00e9 dotazy, dejte n\u00e1m v\u011bd\u011bt!<\/p>\n<p>[\/et_pb_text][et_pb_button button_text=&#8220;Kontaktujte n\u00e1s&#8220; button_alignment=&#8220;center&#8220; disabled_on=&#8220;off|off|off&#8220; _builder_version=&#8220;4.18.0&#8243; _module_preset=&#8220;default&#8220; custom_button=&#8220;on&#8220; button_text_size=&#8220;15px&#8220; button_text_color=&#8220;#ffffff&#8220; button_bg_color=&#8220;#c39d63&#8243; button_border_width=&#8220;2px&#8220; button_border_color=&#8220;#c39d63&#8243; button_border_radius=&#8220;0px&#8220; button_letter_spacing=&#8220;2px&#8220; button_font=&#8220;Montserrat|||on|&#8220; button_use_icon=&#8220;off&#8220; custom_margin=&#8220;||80px|&#8220; button_border_radius_hover=&#8220;0px&#8220; button_letter_spacing_hover=&#8220;2px&#8220; locked=&#8220;off&#8220; global_colors_info=&#8220;{}&#8220; button_text_size__hover_enabled=&#8220;off&#8220; button_one_text_size__hover_enabled=&#8220;off&#8220; button_two_text_size__hover_enabled=&#8220;off&#8220; button_text_color__hover_enabled=&#8220;off&#8220; button_one_text_color__hover_enabled=&#8220;off&#8220; button_two_text_color__hover_enabled=&#8220;off&#8220; button_border_width__hover_enabled=&#8220;off&#8220; button_one_border_width__hover_enabled=&#8220;off&#8220; button_two_border_width__hover_enabled=&#8220;off&#8220; button_border_color__hover_enabled=&#8220;off&#8220; button_one_border_color__hover_enabled=&#8220;off&#8220; button_two_border_color__hover_enabled=&#8220;off&#8220; button_border_radius__hover_enabled=&#8220;on&#8220; button_border_radius__hover=&#8220;0px&#8220; button_one_border_radius__hover_enabled=&#8220;off&#8220; button_two_border_radius__hover_enabled=&#8220;off&#8220; button_letter_spacing__hover_enabled=&#8220;on&#8220; button_letter_spacing__hover=&#8220;2px&#8220; button_one_letter_spacing__hover_enabled=&#8220;off&#8220; button_two_letter_spacing__hover_enabled=&#8220;off&#8220; button_bg_color__hover_enabled=&#8220;off&#8220; button_one_bg_color__hover_enabled=&#8220;off&#8220; button_two_bg_color__hover_enabled=&#8220;off&#8220;][\/et_pb_button][et_pb_signup mailchimp_list=&#8220;MailChimp|03dac884f0&#8243; title=&#8220;Novinky&#8220; button_text=&#8220;Kontaktujte n\u00e1s&#8220; description=&#8220;<\/p>\n<p>Dialogue is an essential part of any script<\/p>\n<p>&#8220; _builder_version=&#8220;4.18.0&#8243; _module_preset=&#8220;default&#8220; form_field_background_color=&#8220;#111111&#8243; form_field_text_color=&#8220;#ffffff&#8220; form_field_focus_background_color=&#8220;#111111&#8243; form_field_focus_text_color=&#8220;#ffffff&#8220; header_level=&#8220;h3&#8243; header_font=&#8220;Montserrat||||&#8220; header_text_color=&#8220;#ffffff&#8220; header_font_size=&#8220;24px&#8220; header_line_height=&#8220;1.8em&#8220; body_font=&#8220;Montserrat||||&#8220; body_text_color=&#8220;rgba(255,255,255,0.8)&#8220; body_font_size=&#8220;17px&#8220; body_line_height=&#8220;1.8em&#8220; use_background_color=&#8220;off&#8220; custom_button=&#8220;on&#8220; button_text_size=&#8220;15px&#8220; button_text_color=&#8220;#ffffff&#8220; button_bg_color=&#8220;#c39d63&#8243; button_border_width=&#8220;3px&#8220; button_border_color=&#8220;#c39d63&#8243; button_border_radius=&#8220;0px&#8220; button_letter_spacing=&#8220;2px&#8220; button_font=&#8220;Montserrat|||on|&#8220; button_use_icon=&#8220;off&#8220; text_orientation=&#8220;center&#8220; custom_margin=&#8220;|||&#8220; custom_padding=&#8220;|||&#8220; result_message_font_size_tablet=&#8220;51&#8243; result_message_line_height_tablet=&#8220;2&#8243; button_border_radius_hover=&#8220;0px&#8220; button_letter_spacing_hover=&#8220;2px&#8220; focus_background_color=&#8220;#111111&#8243; focus_text_color=&#8220;#ffffff&#8220; global_colors_info=&#8220;{}&#8220; button_text_size__hover_enabled=&#8220;off&#8220; button_one_text_size__hover_enabled=&#8220;off&#8220; button_two_text_size__hover_enabled=&#8220;off&#8220; button_text_color__hover_enabled=&#8220;off&#8220; button_one_text_color__hover_enabled=&#8220;off&#8220; button_two_text_color__hover_enabled=&#8220;off&#8220; button_border_width__hover_enabled=&#8220;off&#8220; button_one_border_width__hover_enabled=&#8220;off&#8220; button_two_border_width__hover_enabled=&#8220;off&#8220; button_border_color__hover_enabled=&#8220;off&#8220; button_one_border_color__hover_enabled=&#8220;off&#8220; button_two_border_color__hover_enabled=&#8220;off&#8220; button_border_radius__hover_enabled=&#8220;on&#8220; button_border_radius__hover=&#8220;0px&#8220; button_one_border_radius__hover_enabled=&#8220;off&#8220; button_two_border_radius__hover_enabled=&#8220;off&#8220; button_letter_spacing__hover_enabled=&#8220;on&#8220; button_letter_spacing__hover=&#8220;2px&#8220; button_one_letter_spacing__hover_enabled=&#8220;off&#8220; button_two_letter_spacing__hover_enabled=&#8220;off&#8220; button_bg_color__hover_enabled=&#8220;off&#8220; button_one_bg_color__hover_enabled=&#8220;off&#8220; button_two_bg_color__hover_enabled=&#8220;off&#8220;]<\/p>\n<p>Dialogue is an essential part of any script<\/p>\n<p>[\/et_pb_signup][\/et_pb_column][\/et_pb_row][\/et_pb_section]<\/p>\n","protected":false},"excerpt":{"rendered":"<p>AdresaU D\u017eb\u00e1nuErbenova 432537 01 Chrudim Talefon:M\u00e1ca Horn\u00edk\u00a0 \u00a0 +420 776 660 031 V na\u0161em tradi\u010dn\u00edm \u010desk\u00e9m hostinci naleznete prost\u0159ed\u00ed sv\u00e9ho ml\u00e1d\u00ed, kdy se je\u0161t\u011b pan\u00e1ky nal\u00e9valy do p\u016fldec\u00e1ku. Pivo11 Poli\u010dsk\u00e9 pivo Otakar (jedin\u00e9 v Chrudimi a okol\u00ed)10 a 12 Gambrinus J\u00eddlo catering na objedn\u00e1vku dle Va\u0161eho p\u0159\u00e1n\u00ed pro r\u016fzn\u00e1 akcestuden\u00e1, tepl\u00e1 kuchyn\u011bUtopenci, Klob\u00e1sy, Tla\u010denka a [&hellip;]<\/p>\n","protected":false},"author":1,"featured_media":0,"parent":0,"menu_order":0,"comment_status":"closed","ping_status":"closed","template":"","meta":{"_et_pb_use_builder":"on","_et_pb_old_content":"","_et_gb_content_width":"1423","footnotes":""},"class_list":["post-98","page","type-page","status-publish","hentry"],"_links":{"self":[{"href":"https:\/\/www.menuchrudim.cz\/index.php?rest_route=\/wp\/v2\/pages\/98","targetHints":{"allow":["GET"]}}],"collection":[{"href":"https:\/\/www.menuchrudim.cz\/index.php?rest_route=\/wp\/v2\/pages"}],"about":[{"href":"https:\/\/www.menuchrudim.cz\/index.php?rest_route=\/wp\/v2\/types\/page"}],"author":[{"embeddable":true,"href":"https:\/\/www.menuchrudim.cz\/index.php?rest_route=\/wp\/v2\/users\/1"}],"replies":[{"embeddable":true,"href":"https:\/\/www.menuchrudim.cz\/index.php?rest_route=%2Fwp%2Fv2%2Fcomments&post=98"}],"version-history":[{"count":21,"href":"https:\/\/www.menuchrudim.cz\/index.php?rest_route=\/wp\/v2\/pages\/98\/revisions"}],"predecessor-version":[{"id":481,"href":"https:\/\/www.menuchrudim.cz\/index.php?rest_route=\/wp\/v2\/pages\/98\/revisions\/481"}],"wp:attachment":[{"href":"https:\/\/www.menuchrudim.cz\/index.php?rest_route=%2Fwp%2Fv2%2Fmedia&parent=98"}],"curies":[{"name":"wp","href":"https:\/\/api.w.org\/{rel}","templated":true}]}}