{"id":157,"date":"2022-08-02T08:43:28","date_gmt":"2022-08-02T08:43:28","guid":{"rendered":"https:\/\/www.menuchrudim.cz.uvirt130.active24.cz\/?page_id=157"},"modified":"2025-12-16T13:37:04","modified_gmt":"2025-12-16T13:37:04","slug":"157-2","status":"publish","type":"page","link":"https:\/\/www.menuchrudim.cz\/","title":{"rendered":"U D\u017eb\u00e1nu"},"content":{"rendered":"<p>[et_pb_section fb_built=&#8220;1&#8243; _builder_version=&#8220;4.21.0&#8243; _module_preset=&#8220;default&#8220; background_enable_color=&#8220;off&#8220; background_image=&#8220;https:\/\/www.menuchrudim.cz\/wp-content\/uploads\/2022\/07\/dzbanbg1-1.jpg&#8220; vertical_offset=&#8220;98px&#8220; min_height=&#8220;331px&#8220; custom_margin=&#8220;-137px||0px||false|false&#8220; custom_padding=&#8220;||159px||false|false&#8220; global_colors_info=&#8220;{}&#8220;][et_pb_row column_structure=&#8220;1_2,1_2&#8243; _builder_version=&#8220;4.21.0&#8243; _module_preset=&#8220;default&#8220; global_colors_info=&#8220;{}&#8220;][et_pb_column type=&#8220;1_2&#8243; _builder_version=&#8220;4.21.0&#8243; _module_preset=&#8220;default&#8220; global_colors_info=&#8220;{}&#8220;][et_pb_image src=&#8220;https:\/\/www.menuchrudim.cz\/wp-content\/uploads\/2022\/06\/dzban_logo.png&#8220; alt=&#8220;u dzbanu&#8220; title_text=&#8220;u dzbanu&#8220; url=&#8220;http:\/\/www.udzbanu.com&#8220; _builder_version=&#8220;4.21.0&#8243; _module_preset=&#8220;default&#8220; custom_margin=&#8220;||-9px|||&#8220; custom_padding=&#8220;|16px||||&#8220; global_colors_info=&#8220;{}&#8220;][\/et_pb_image][\/et_pb_column][et_pb_column type=&#8220;1_2&#8243; _builder_version=&#8220;4.21.0&#8243; _module_preset=&#8220;default&#8220; global_colors_info=&#8220;{}&#8220;][et_pb_text disabled_on=&#8220;on|off|off&#8220; _builder_version=&#8220;4.21.0&#8243; _module_preset=&#8220;default&#8220; background_color=&#8220;rgba(119,119,119,0.39)&#8220; width=&#8220;49%&#8220; custom_margin=&#8220;100px|30px||300px|false|false&#8220; custom_padding=&#8220;10px|1px|0px|18px||&#8220; border_radii=&#8220;on|2px|2px|2px|2px&#8220; global_colors_info=&#8220;{}&#8220;]<\/p>\n<p><span style=\"color: #ffffff;\"><strong>Adresa<\/strong><\/span><br \/><span style=\"color: #ffffff;\"><strong>U D\u017eb\u00e1nu<\/strong><\/span><br \/><span style=\"color: #ffffff;\"><strong>Erbenova 432<\/strong><\/span><br \/><span style=\"color: #ffffff;\"><strong>537 01 Chrudim<\/strong><\/span><\/p>\n<p><span style=\"color: #ffffff;\"><strong>Talefon:<\/strong><\/span><br \/><span style=\"color: #ffffff;\"><strong>M\u00e1ca Horn\u00edk +420 776 660 031<\/strong><\/span><\/p>\n<p><span style=\"color: #ffffff;\"><strong>e-mail: udzbanu@gmail.com<\/strong><\/span><\/p>\n<p>[\/et_pb_text][\/et_pb_column][\/et_pb_row][\/et_pb_section][et_pb_section fb_built=&#8220;1&#8243; _builder_version=&#8220;4.21.0&#8243; _module_preset=&#8220;default&#8220; background_color=&#8220;#9b9b9b&#8220; background_image=&#8220;https:\/\/www.menuchrudim.cz\/wp-content\/uploads\/2023\/06\/pivo_pena_CB.jpg&#8220; background_position=&#8220;bottom_left&#8220; background_horizontal_offset=&#8220;0%&#8220; background_vertical_offset=&#8220;39%&#8220; max_width=&#8220;100%&#8220; min_height=&#8220;0px&#8220; height=&#8220;30px&#8220; custom_padding=&#8220;0px||0px|||&#8220; global_colors_info=&#8220;{}&#8220;][\/et_pb_section][et_pb_section fb_built=&#8220;1&#8243; _builder_version=&#8220;4.21.0&#8243; _module_preset=&#8220;default&#8220; background_color=&#8220;#9b9b9b&#8220; background_image=&#8220;https:\/\/www.menuchrudim.cz\/wp-content\/uploads\/2023\/06\/pivo_pena_CB.jpg&#8220; background_position=&#8220;bottom_left&#8220; background_horizontal_offset=&#8220;0%&#8220; background_vertical_offset=&#8220;39%&#8220; max_width=&#8220;100%&#8220; min_height=&#8220;0px&#8220; height=&#8220;30px&#8220; custom_margin=&#8220;-35px|||||&#8220; custom_padding=&#8220;0px||0px|||&#8220; global_colors_info=&#8220;{}&#8220;][\/et_pb_section][et_pb_section fb_built=&#8220;1&#8243; _builder_version=&#8220;4.18.0&#8243; _module_preset=&#8220;default&#8220; background_color=&#8220;rgba(255,255,255,0.65)&#8220; background_image=&#8220;https:\/\/www.menuchrudim.cz\/wp-content\/uploads\/2022\/06\/menu.jpg&#8220; background_blend=&#8220;color&#8220; min_height=&#8220;581.5px&#8220; custom_margin=&#8220;3px|||||&#8220; custom_padding=&#8220;0px||0px|||&#8220; hover_transition_duration=&#8220;350ms&#8220; global_colors_info=&#8220;{}&#8220;][et_pb_row _builder_version=&#8220;4.18.0&#8243; _module_preset=&#8220;default&#8220; custom_margin=&#8220;-3px|auto||auto||&#8220; global_colors_info=&#8220;{}&#8220;][et_pb_column type=&#8220;4_4&#8243; _builder_version=&#8220;4.17.6&#8243; _module_preset=&#8220;default&#8220; global_colors_info=&#8220;{}&#8220;][et_pb_text _builder_version=&#8220;4.18.0&#8243; _module_preset=&#8220;default&#8220; global_colors_info=&#8220;{}&#8220;]<\/p>\n<h1 style=\"text-align: center;\">Poledn\u00ed menu Chrudim<\/h1>\n<p>[\/et_pb_text][et_pb_text _builder_version=&#8220;4.27.4&#8243; _module_preset=&#8220;default&#8220; background_color=&#8220;RGBA(255,255,255,0)&#8220; use_background_color_gradient=&#8220;on&#8220; background_color_gradient_stops=&#8220;rgba(255,255,255,0.69) 0%|rgba(206,206,206,0.27) 100%&#8220; global_colors_info=&#8220;{}&#8220;]<\/p>\n<p style=\"text-align: left;\"><strong>Rozv\u00e1\u017e\u00edme objedn\u00e1vky nad 150k\u010d. Rozvoz po Chrudimi 25k\u010d . P\u0159i objedn\u00e1vce nad 300k\u010d\u00a0a platb\u011b v hotovosti doprava po Chrudimi zadarmo.\u00a0Pi\u0161te SMS nebo volejte v\u017edy od 9:00 na \u010d\u00edslo 775 560 031.<\/strong><\/p>\n<p>[\/et_pb_text][et_pb_code _builder_version=&#8220;4.20.2&#8243; _module_preset=&#8220;default&#8220; background_color=&#8220;rgba(247,247,247,0.72)&#8220; global_colors_info=&#8220;{}&#8220;]<iframe width=100% height=\"700px\" color=black src=\"https:\/\/www.menicka.cz\/api\/iframe\/?id=7892\" frameborder='0'><\/iframe>[\/et_pb_code][\/et_pb_column][\/et_pb_row][\/et_pb_section][et_pb_section fb_built=&#8220;1&#8243; _builder_version=&#8220;4.17.6&#8243; _module_preset=&#8220;default&#8220; custom_padding=&#8220;17px|||||&#8220; global_colors_info=&#8220;{}&#8220;][\/et_pb_section][et_pb_section fb_built=&#8220;1&#8243; admin_label=&#8220;Contact Us&#8220; _builder_version=&#8220;4.18.0&#8243; _module_preset=&#8220;default&#8220; background_color=&#8220;rgba(0,0,0,0.15)&#8220; background_image=&#8220;https:\/\/www.menuchrudim.cz\/wp-content\/uploads\/2022\/05\/restaurant-hero-03.jpg&#8220; background_blend=&#8220;color&#8220; min_height=&#8220;963.3px&#8220; custom_margin=&#8220;-141px|||||&#8220; custom_padding=&#8220;54px|0px|54px|0px|true|&#8220; global_module=&#8220;176&#8243; saved_tabs=&#8220;all&#8220; locked=&#8220;off&#8220; collapsed=&#8220;off&#8220; global_colors_info=&#8220;{}&#8220;][et_pb_row _builder_version=&#8220;4.21.0&#8243; _module_preset=&#8220;default&#8220; global_colors_info=&#8220;{}&#8220;][et_pb_column type=&#8220;4_4&#8243; _builder_version=&#8220;4.21.0&#8243; _module_preset=&#8220;default&#8220; global_colors_info=&#8220;{}&#8220;][et_pb_map google_api_key=&#8220;1bb93b2b9bf7ff9c6947c02df02f63f37aa4d34f&#8220; address=&#8220;Erbenova 432, Chrudim IV, 537 01 Chrudim, \u010cesko&#8220; address_lat=&#8220;49.9520807&#8243; address_lng=&#8220;15.7822213&#8243; _builder_version=&#8220;4.21.0&#8243; _module_preset=&#8220;default&#8220; global_colors_info=&#8220;{}&#8220;][et_pb_map_pin pin_address=&#8220;Erbenova 432, Chrudim IV, 537 01 Chrudim, \u010cesko&#8220; pin_address_lat=&#8220;49.9520807&#8243; pin_address_lng=&#8220;15.7822213&#8243; _builder_version=&#8220;4.21.0&#8243; _module_preset=&#8220;default&#8220; global_colors_info=&#8220;{}&#8220;][\/et_pb_map_pin][\/et_pb_map][\/et_pb_column][\/et_pb_row][et_pb_row column_structure=&#8220;1_2,1_2&#8243; make_equal=&#8220;on&#8220; _builder_version=&#8220;4.16&#8243; _module_preset=&#8220;default&#8220; background_size=&#8220;initial&#8220; background_position=&#8220;top_left&#8220; background_repeat=&#8220;repeat&#8220; max_width=&#8220;1280px&#8220; custom_margin=&#8220;|||&#8220; custom_padding=&#8220;||0px|||&#8220; use_custom_width=&#8220;on&#8220; custom_width_px=&#8220;1280px&#8220; global_colors_info=&#8220;{}&#8220;][et_pb_column type=&#8220;1_2&#8243; _builder_version=&#8220;4.16&#8243; _module_preset=&#8220;default&#8220; background_color=&#8220;#1f1f1f&#8220; custom_padding=&#8220;100px|5%|100px|5%&#8220; global_colors_info=&#8220;{}&#8220; custom_padding__hover=&#8220;|||&#8220;][et_pb_text _builder_version=&#8220;4.16&#8243; _module_preset=&#8220;default&#8220; text_font=&#8220;Playfair Display||||&#8220; text_font_size=&#8220;30px&#8220; text_line_height=&#8220;1.3em&#8220; header_font=&#8220;||||||||&#8220; header_3_font=&#8220;Playfair Display||||||||&#8220; header_3_font_size=&#8220;30px&#8220; header_3_line_height=&#8220;1.3em&#8220; background_size=&#8220;initial&#8220; background_position=&#8220;top_left&#8220; background_repeat=&#8220;repeat&#8220; text_orientation=&#8220;center&#8220; background_layout=&#8220;dark&#8220; max_width=&#8220;400px&#8220; module_alignment=&#8220;center&#8220; custom_padding=&#8220;2px||30px|||&#8220; global_colors_info=&#8220;{}&#8220;]<\/p>\n<h3>Otev\u00edrac\u00ed doba<\/h3>\n<p>[\/et_pb_text][et_pb_text _builder_version=&#8220;4.27.4&#8243; _module_preset=&#8220;default&#8220; text_font=&#8220;Montserrat||||&#8220; text_text_color=&#8220;#ffffff&#8220; text_font_size=&#8220;15px&#8220; text_letter_spacing=&#8220;1px&#8220; text_line_height=&#8220;1.9em&#8220; background_size=&#8220;initial&#8220; background_position=&#8220;top_left&#8220; background_repeat=&#8220;repeat&#8220; text_orientation=&#8220;center&#8220; module_alignment=&#8220;center&#8220; custom_margin=&#8220;12px||12px|&#8220; animation_style=&#8220;zoom&#8220; animation_intensity_zoom=&#8220;20%&#8220; global_colors_info=&#8220;{}&#8220;]<\/p>\n<p><strong>V\u00fddej ob\u011bd\u016f<\/strong><br \/>Pond\u011bl\u00ed \u2013 P\u00e1tak<strong><br \/><\/strong><span style=\"font-size: 15px;\">11:00am \u2013 14:00pm<\/span><\/p>\n<p><span style=\"font-size: 15px;\"><span><strong>Hostinec<\/strong><br \/><\/span><span>Pond\u011bl\u00ed \u2013 \u010ctvrtek<br \/>11:00 \u2013 22:00<\/span><\/span><span style=\"font-size: 15px;\"><strong><\/strong><\/span><\/p>\n<div class=\"et_pb_text_inner\">\n<div data-shortcode-id=\"4.0.0.1-1681733146819\" data-quickaccess-editable=\"yes\" class=\"et-fb-popover-tinymce\">\n<div class=\"mce-content-body\" contenteditable=\"true\" style=\"position: relative;\" spellcheck=\"false\" data-ms-editor=\"true\">\n<p><span style=\"font-size: 15px;\">P\u00e1tek:<br \/><\/span><span style=\"font-size: 15px;\">11:00 \u2013 24:00<\/span><\/p>\n<p><span style=\"font-size: 15px;\">Sobota:<br \/>14:00 \u2013 24:00<\/span><\/p>\n<p><span style=\"font-size: 15px;\">Ned\u011ble:<br \/><\/span><span style=\"font-size: 15px;\">14:00 &#8211; 22:00<\/span><\/p>\n<p><span style=\"font-size: 15px;\"><\/span><\/p>\n<p><span style=\"font-size: 15px;\"><\/span><\/p>\n<\/div>\n<\/div>\n<\/div>\n<div class=\"et_pb_text_inner\">\n<div data-shortcode-id=\"4.0.0.1-1681733146819\" data-quickaccess-editable=\"yes\" class=\"et-fb-popover-tinymce\">\n<div class=\"mce-content-body\" contenteditable=\"true\" style=\"position: relative;\" spellcheck=\"false\" data-ms-editor=\"true\"><\/div>\n<\/div>\n<\/div>\n<p><span style=\"font-size: 15px;\"><\/span><\/p>\n<p><span style=\"font-size: 15px;\"><\/span><\/p>\n<p><span style=\"font-size: 15px;\"><\/span><\/p>\n<p>[\/et_pb_text][\/et_pb_column][et_pb_column type=&#8220;1_2&#8243; _builder_version=&#8220;4.16&#8243; _module_preset=&#8220;default&#8220; background_color=&#8220;#1f1f1f&#8220; custom_padding=&#8220;100px|5%|100px|5%&#8220; global_colors_info=&#8220;{}&#8220; custom_padding__hover=&#8220;|||&#8220;][et_pb_blurb title=&#8220;U d\u017eb\u00e1nu&#8220; use_icon=&#8220;on&#8220; font_icon=&#8220;&#xf3c5;||fa||900&#8243; icon_color=&#8220;#FFFFFF&#8220; image_icon_background_color=&#8220;#1c1c1c&#8220; icon_placement=&#8220;left&#8220; image_icon_width=&#8220;167%&#8220; _builder_version=&#8220;4.18.0&#8243; _module_preset=&#8220;default&#8220; background_layout=&#8220;dark&#8220; global_colors_info=&#8220;{}&#8220;]<\/p>\n<p>Erbenova 432, Chrudim, 537 01<\/p>\n<p>[\/et_pb_blurb][et_pb_blurb title=&#8220;M\u00e1ca Horn\u00edk&#8220; use_icon=&#8220;on&#8220; font_icon=&#8220;&#xf879;||fa||900&#8243; icon_color=&#8220;#FFFFFF&#8220; image_icon_background_color=&#8220;#1c1c1c&#8220; icon_placement=&#8220;left&#8220; image_icon_width=&#8220;167%&#8220; _builder_version=&#8220;4.18.0&#8243; _module_preset=&#8220;default&#8220; background_layout=&#8220;dark&#8220; global_colors_info=&#8220;{}&#8220;]<\/p>\n<p>+420 776 660 031<\/p>\n<p>[\/et_pb_blurb][et_pb_blurb title=&#8220;udzbanu@gmail.com&#8220; use_icon=&#8220;on&#8220; font_icon=&#8220;&#xe010;||divi||400&#8243; icon_color=&#8220;#FFFFFF&#8220; image_icon_background_color=&#8220;#1c1c1c&#8220; icon_placement=&#8220;left&#8220; image_icon_width=&#8220;167%&#8220; _builder_version=&#8220;4.18.0&#8243; _module_preset=&#8220;default&#8220; header_font=&#8220;Alike|700||||on|||&#8220; header_font_size=&#8220;15px&#8220; background_layout=&#8220;dark&#8220; text_shadow_style=&#8220;preset3&#8243; global_colors_info=&#8220;{}&#8220;][\/et_pb_blurb][\/et_pb_column][\/et_pb_row][\/et_pb_section]<\/p>\n","protected":false},"excerpt":{"rendered":"<p>AdresaU D\u017eb\u00e1nuErbenova 432537 01 Chrudim Talefon:M\u00e1ca Horn\u00edk +420 776 660 031 e-mail: udzbanu@gmail.comPoledn\u00ed menu ChrudimRozv\u00e1\u017e\u00edme objedn\u00e1vky nad 150k\u010d. Rozvoz po Chrudimi 25k\u010d . P\u0159i objedn\u00e1vce nad 300k\u010d\u00a0a platb\u011b v hotovosti doprava po Chrudimi zadarmo.\u00a0Pi\u0161te SMS nebo volejte v\u017edy od 9:00 na \u010d\u00edslo 775 560 031.Otev\u00edrac\u00ed dobaV\u00fddej ob\u011bd\u016fPond\u011bl\u00ed \u2013 P\u00e1tak11:00am \u2013 14:00pm HostinecPond\u011bl\u00ed \u2013 \u010ctvrtek11:00 \u2013 [&hellip;]<\/p>\n","protected":false},"author":1,"featured_media":0,"parent":0,"menu_order":0,"comment_status":"closed","ping_status":"closed","template":"","meta":{"_et_pb_use_builder":"on","_et_pb_old_content":"","_et_gb_content_width":"1423","footnotes":""},"class_list":["post-157","page","type-page","status-publish","hentry"],"_links":{"self":[{"href":"https:\/\/www.menuchrudim.cz\/index.php?rest_route=\/wp\/v2\/pages\/157","targetHints":{"allow":["GET"]}}],"collection":[{"href":"https:\/\/www.menuchrudim.cz\/index.php?rest_route=\/wp\/v2\/pages"}],"about":[{"href":"https:\/\/www.menuchrudim.cz\/index.php?rest_route=\/wp\/v2\/types\/page"}],"author":[{"embeddable":true,"href":"https:\/\/www.menuchrudim.cz\/index.php?rest_route=\/wp\/v2\/users\/1"}],"replies":[{"embeddable":true,"href":"https:\/\/www.menuchrudim.cz\/index.php?rest_route=%2Fwp%2Fv2%2Fcomments&post=157"}],"version-history":[{"count":83,"href":"https:\/\/www.menuchrudim.cz\/index.php?rest_route=\/wp\/v2\/pages\/157\/revisions"}],"predecessor-version":[{"id":493,"href":"https:\/\/www.menuchrudim.cz\/index.php?rest_route=\/wp\/v2\/pages\/157\/revisions\/493"}],"wp:attachment":[{"href":"https:\/\/www.menuchrudim.cz\/index.php?rest_route=%2Fwp%2Fv2%2Fmedia&parent=157"}],"curies":[{"name":"wp","href":"https:\/\/api.w.org\/{rel}","templated":true}]}}